{"id":549,"date":"2024-02-03T01:47:35","date_gmt":"2024-02-02T22:47:35","guid":{"rendered":"https:\/\/ileritek.com\/?page_id=549"},"modified":"2024-02-16T23:13:44","modified_gmt":"2024-02-16T20:13:44","slug":"makina-parkurumuz","status":"publish","type":"page","link":"https:\/\/ileritek.com\/index.php\/makina-parkurumuz\/","title":{"rendered":"YETENEKLER\u0130M\u0130Z"},"content":{"rendered":"\t\t<div data-elementor-type=\"wp-page\" data-elementor-id=\"549\" class=\"elementor elementor-549\">\n\t\t\t\t\t\t\t<div class=\"elementor-element elementor-element-0fbfa69 e-flex e-con-boxed e-con e-parent\" data-id=\"0fbfa69\" data-element_type=\"container\" data-settings=\"{&quot;content_width&quot;:&quot;boxed&quot;}\" data-core-v316-plus=\"true\">\n\t\t\t\t\t<div class=\"e-con-inner\">\n\t\t\t\t<div class=\"elementor-element elementor-element-46a7b6f elementor-widget elementor-widget-sina_fancytext\" data-id=\"46a7b6f\" data-element_type=\"widget\" data-widget_type=\"sina_fancytext.default\">\n\t\t\t\t<div class=\"elementor-widget-container\">\n\t\t\t\t\t<div class=\"sina-fancytext\"\r\n\t\tdata-fancy-text=\"M\u00dcHEND\u0130SL\u0130K - TASARIM - ANAL\u0130Z@@\"\r\n\t\tdata-anim=\"typing\"\r\n\t\tdata-speed=\"100\"\r\n\t\tdata-delay=\"2000\"\r\n\t\tdata-cursor=\"yes\"\r\n\t\tdata-loop=\"yes\">\r\n\t\t\t<h3>\r\n\t\t\t\t\t\t\t\t<span class=\"sina-fancytext-strings\">\r\n\t\t\t\t\t\tM\u00dcHEND\u0130SL\u0130K - TASARIM - ANAL\u0130Z\t\t\t\t\t<\/span>\r\n\t\t\t\t\t\t\t\t<\/h3>\r\n\t\t<\/div><!-- .sina-fancytext -->\r\n\t\t\t\t<\/div>\n\t\t\t\t<\/div>\n\t\t\t\t\t<\/div>\n\t\t\t\t<\/div>\n\t\t<div class=\"elementor-element elementor-element-5a86832 e-flex e-con-boxed e-con e-parent\" data-id=\"5a86832\" data-element_type=\"container\" data-settings=\"{&quot;content_width&quot;:&quot;boxed&quot;}\" data-core-v316-plus=\"true\">\n\t\t\t\t\t<div class=\"e-con-inner\">\n\t\t<div class=\"elementor-element elementor-element-8dd1cff e-con-full e-flex e-con e-child\" data-id=\"8dd1cff\" data-element_type=\"container\" data-settings=\"{&quot;content_width&quot;:&quot;full&quot;}\">\n\t\t\t\t<div class=\"elementor-element elementor-element-c458c4f elementor-widget elementor-widget-image\" data-id=\"c458c4f\" data-element_type=\"widget\" data-widget_type=\"image.default\">\n\t\t\t\t<div class=\"elementor-widget-container\">\n\t\t\t<style>\/*! elementor - v3.18.0 - 20-12-2023 *\/\n.elementor-widget-image{text-align:center}.elementor-widget-image a{display:inline-block}.elementor-widget-image a img[src$=\".svg\"]{width:48px}.elementor-widget-image img{vertical-align:middle;display:inline-block}<\/style>\t\t\t\t\t\t\t\t\t\t\t\t<img fetchpriority=\"high\" decoding=\"async\" width=\"300\" height=\"170\" src=\"https:\/\/ileritek.com\/wp-content\/uploads\/2024\/02\/sw_3690-11-300x170.webp\" class=\"attachment-medium size-medium wp-image-630\" alt=\"\" srcset=\"https:\/\/ileritek.com\/wp-content\/uploads\/2024\/02\/sw_3690-11-300x170.webp 300w, https:\/\/ileritek.com\/wp-content\/uploads\/2024\/02\/sw_3690-11-768x436.webp 768w, https:\/\/ileritek.com\/wp-content\/uploads\/2024\/02\/sw_3690-11.webp 952w\" sizes=\"(max-width: 300px) 100vw, 300px\" \/>\t\t\t\t\t\t\t\t\t\t\t\t\t\t\t<\/div>\n\t\t\t\t<\/div>\n\t\t\t\t<\/div>\n\t\t<div class=\"elementor-element elementor-element-67ffd56 e-con-full e-flex e-con e-child\" data-id=\"67ffd56\" data-element_type=\"container\" data-settings=\"{&quot;content_width&quot;:&quot;full&quot;}\">\n\t\t\t\t<div class=\"elementor-element elementor-element-013260b elementor-widget elementor-widget-image\" data-id=\"013260b\" data-element_type=\"widget\" data-widget_type=\"image.default\">\n\t\t\t\t<div class=\"elementor-widget-container\">\n\t\t\t\t\t\t\t\t\t\t\t\t\t\t\t<img decoding=\"async\" width=\"150\" height=\"150\" src=\"https:\/\/ileritek.com\/wp-content\/uploads\/2024\/02\/T-solidcam_413-11.jpeg-150x150.jpg\" class=\"attachment-thumbnail size-thumbnail wp-image-631\" alt=\"\" \/>\t\t\t\t\t\t\t\t\t\t\t\t\t\t\t<\/div>\n\t\t\t\t<\/div>\n\t\t\t\t<\/div>\n\t\t<div class=\"elementor-element elementor-element-da55526 e-con-full e-flex e-con e-child\" data-id=\"da55526\" data-element_type=\"container\" data-settings=\"{&quot;content_width&quot;:&quot;full&quot;}\">\n\t\t\t\t<div class=\"elementor-element elementor-element-6182f63 elementor-widget elementor-widget-image\" data-id=\"6182f63\" data-element_type=\"widget\" data-widget_type=\"image.default\">\n\t\t\t\t<div class=\"elementor-widget-container\">\n\t\t\t\t\t\t\t\t\t\t\t\t\t\t\t<img decoding=\"async\" width=\"300\" height=\"103\" src=\"https:\/\/ileritek.com\/wp-content\/uploads\/2024\/02\/solidworks-plastics-pro-300x103.png\" class=\"attachment-medium size-medium wp-image-629\" alt=\"\" srcset=\"https:\/\/ileritek.com\/wp-content\/uploads\/2024\/02\/solidworks-plastics-pro-300x103.png 300w, https:\/\/ileritek.com\/wp-content\/uploads\/2024\/02\/solidworks-plastics-pro.png 627w\" sizes=\"(max-width: 300px) 100vw, 300px\" \/>\t\t\t\t\t\t\t\t\t\t\t\t\t\t\t<\/div>\n\t\t\t\t<\/div>\n\t\t\t\t<\/div>\n\t\t\t\t\t<\/div>\n\t\t\t\t<\/div>\n\t\t<div class=\"elementor-element elementor-element-3459d8b e-flex e-con-boxed e-con e-parent\" data-id=\"3459d8b\" data-element_type=\"container\" data-settings=\"{&quot;content_width&quot;:&quot;boxed&quot;}\" data-core-v316-plus=\"true\">\n\t\t\t\t\t<div class=\"e-con-inner\">\n\t\t\t\t<div class=\"elementor-element elementor-element-8f9c330 elementor-widget elementor-widget-image\" data-id=\"8f9c330\" data-element_type=\"widget\" data-widget_type=\"image.default\">\n\t\t\t\t<div class=\"elementor-widget-container\">\n\t\t\t\t\t\t\t\t\t\t\t\t\t\t\t<img loading=\"lazy\" decoding=\"async\" width=\"800\" height=\"293\" src=\"https:\/\/ileritek.com\/wp-content\/uploads\/2024\/02\/WhatsApp-Gorsel-2024-02-16-saat-22.22.39_444e5734-1024x375.jpg\" class=\"attachment-large size-large wp-image-628\" alt=\"\" srcset=\"https:\/\/ileritek.com\/wp-content\/uploads\/2024\/02\/WhatsApp-Gorsel-2024-02-16-saat-22.22.39_444e5734-1024x375.jpg 1024w, https:\/\/ileritek.com\/wp-content\/uploads\/2024\/02\/WhatsApp-Gorsel-2024-02-16-saat-22.22.39_444e5734-300x110.jpg 300w, https:\/\/ileritek.com\/wp-content\/uploads\/2024\/02\/WhatsApp-Gorsel-2024-02-16-saat-22.22.39_444e5734-768x282.jpg 768w, https:\/\/ileritek.com\/wp-content\/uploads\/2024\/02\/WhatsApp-Gorsel-2024-02-16-saat-22.22.39_444e5734.jpg 1372w\" sizes=\"(max-width: 800px) 100vw, 800px\" \/>\t\t\t\t\t\t\t\t\t\t\t\t\t\t\t<\/div>\n\t\t\t\t<\/div>\n\t\t\t\t\t<\/div>\n\t\t\t\t<\/div>\n\t\t<div class=\"elementor-element elementor-element-c0ab96e e-flex e-con-boxed e-con e-parent\" data-id=\"c0ab96e\" data-element_type=\"container\" data-settings=\"{&quot;content_width&quot;:&quot;boxed&quot;}\" data-core-v316-plus=\"true\">\n\t\t\t\t\t<div class=\"e-con-inner\">\n\t\t\t\t<div class=\"elementor-element elementor-element-c9c9c65 elementor-widget-divider--view-line elementor-widget elementor-widget-divider\" data-id=\"c9c9c65\" data-element_type=\"widget\" data-widget_type=\"divider.default\">\n\t\t\t\t<div class=\"elementor-widget-container\">\n\t\t\t<style>\/*! elementor - v3.18.0 - 20-12-2023 *\/\n.elementor-widget-divider{--divider-border-style:none;--divider-border-width:1px;--divider-color:#0c0d0e;--divider-icon-size:20px;--divider-element-spacing:10px;--divider-pattern-height:24px;--divider-pattern-size:20px;--divider-pattern-url:none;--divider-pattern-repeat:repeat-x}.elementor-widget-divider .elementor-divider{display:flex}.elementor-widget-divider .elementor-divider__text{font-size:15px;line-height:1;max-width:95%}.elementor-widget-divider .elementor-divider__element{margin:0 var(--divider-element-spacing);flex-shrink:0}.elementor-widget-divider .elementor-icon{font-size:var(--divider-icon-size)}.elementor-widget-divider .elementor-divider-separator{display:flex;margin:0;direction:ltr}.elementor-widget-divider--view-line_icon .elementor-divider-separator,.elementor-widget-divider--view-line_text .elementor-divider-separator{align-items:center}.elementor-widget-divider--view-line_icon .elementor-divider-separator:after,.elementor-widget-divider--view-line_icon .elementor-divider-separator:before,.elementor-widget-divider--view-line_text .elementor-divider-separator:after,.elementor-widget-divider--view-line_text .elementor-divider-separator:before{display:block;content:\"\";border-bottom:0;flex-grow:1;border-top:var(--divider-border-width) var(--divider-border-style) var(--divider-color)}.elementor-widget-divider--element-align-left .elementor-divider .elementor-divider-separator>.elementor-divider__svg:first-of-type{flex-grow:0;flex-shrink:100}.elementor-widget-divider--element-align-left .elementor-divider-separator:before{content:none}.elementor-widget-divider--element-align-left .elementor-divider__element{margin-left:0}.elementor-widget-divider--element-align-right .elementor-divider .elementor-divider-separator>.elementor-divider__svg:last-of-type{flex-grow:0;flex-shrink:100}.elementor-widget-divider--element-align-right .elementor-divider-separator:after{content:none}.elementor-widget-divider--element-align-right .elementor-divider__element{margin-right:0}.elementor-widget-divider:not(.elementor-widget-divider--view-line_text):not(.elementor-widget-divider--view-line_icon) .elementor-divider-separator{border-top:var(--divider-border-width) var(--divider-border-style) var(--divider-color)}.elementor-widget-divider--separator-type-pattern{--divider-border-style:none}.elementor-widget-divider--separator-type-pattern.elementor-widget-divider--view-line .elementor-divider-separator,.elementor-widget-divider--separator-type-pattern:not(.elementor-widget-divider--view-line) .elementor-divider-separator:after,.elementor-widget-divider--separator-type-pattern:not(.elementor-widget-divider--view-line) .elementor-divider-separator:before,.elementor-widget-divider--separator-type-pattern:not([class*=elementor-widget-divider--view]) .elementor-divider-separator{width:100%;min-height:var(--divider-pattern-height);-webkit-mask-size:var(--divider-pattern-size) 100%;mask-size:var(--divider-pattern-size) 100%;-webkit-mask-repeat:var(--divider-pattern-repeat);mask-repeat:var(--divider-pattern-repeat);background-color:var(--divider-color);-webkit-mask-image:var(--divider-pattern-url);mask-image:var(--divider-pattern-url)}.elementor-widget-divider--no-spacing{--divider-pattern-size:auto}.elementor-widget-divider--bg-round{--divider-pattern-repeat:round}.rtl .elementor-widget-divider .elementor-divider__text{direction:rtl}.e-con-inner>.elementor-widget-divider,.e-con>.elementor-widget-divider{width:var(--container-widget-width,100%);--flex-grow:var(--container-widget-flex-grow)}<\/style>\t\t<div class=\"elementor-divider\">\n\t\t\t<span class=\"elementor-divider-separator\">\n\t\t\t\t\t\t<\/span>\n\t\t<\/div>\n\t\t\t\t<\/div>\n\t\t\t\t<\/div>\n\t\t\t\t\t<\/div>\n\t\t\t\t<\/div>\n\t\t<div class=\"elementor-element elementor-element-ce83af6 e-flex e-con-boxed e-con e-parent\" data-id=\"ce83af6\" data-element_type=\"container\" data-settings=\"{&quot;content_width&quot;:&quot;boxed&quot;}\" data-core-v316-plus=\"true\">\n\t\t\t\t\t<div class=\"e-con-inner\">\n\t\t\t\t<div class=\"elementor-element elementor-element-71732af elementor-widget elementor-widget-sina_fancytext\" data-id=\"71732af\" data-element_type=\"widget\" data-widget_type=\"sina_fancytext.default\">\n\t\t\t\t<div class=\"elementor-widget-container\">\n\t\t\t\t\t<div class=\"sina-fancytext\"\r\n\t\tdata-fancy-text=\"MAK\u0130NA PARKURUMUZ@@\"\r\n\t\tdata-anim=\"typing\"\r\n\t\tdata-speed=\"100\"\r\n\t\tdata-delay=\"2000\"\r\n\t\tdata-cursor=\"yes\"\r\n\t\tdata-loop=\"yes\">\r\n\t\t\t<h3>\r\n\t\t\t\t\t\t\t\t<span class=\"sina-fancytext-strings\">\r\n\t\t\t\t\t\tMAK\u0130NA PARKURUMUZ\t\t\t\t\t<\/span>\r\n\t\t\t\t\t\t\t\t<\/h3>\r\n\t\t<\/div><!-- .sina-fancytext -->\r\n\t\t\t\t<\/div>\n\t\t\t\t<\/div>\n\t\t\t\t\t<\/div>\n\t\t\t\t<\/div>\n\t\t<div class=\"elementor-element elementor-element-61c4950 e-flex e-con-boxed e-con e-parent\" data-id=\"61c4950\" data-element_type=\"container\" data-settings=\"{&quot;content_width&quot;:&quot;boxed&quot;}\" data-core-v316-plus=\"true\">\n\t\t\t\t\t<div class=\"e-con-inner\">\n\t\t\t\t<div class=\"elementor-element elementor-element-01c8fc4 elementor-widget elementor-widget-image-gallery\" data-id=\"01c8fc4\" data-element_type=\"widget\" data-widget_type=\"image-gallery.default\">\n\t\t\t\t<div class=\"elementor-widget-container\">\n\t\t\t<style>\/*! elementor - v3.18.0 - 20-12-2023 *\/\n.elementor-image-gallery .gallery-item{display:inline-block;text-align:center;vertical-align:top;width:100%;max-width:100%;margin:0 auto}.elementor-image-gallery .gallery-item img{margin:0 auto}.elementor-image-gallery .gallery-item .gallery-caption{margin:0}.elementor-image-gallery figure img{display:block}.elementor-image-gallery figure figcaption{width:100%}.gallery-spacing-custom .elementor-image-gallery .gallery-icon{padding:0}@media (min-width:768px){.elementor-image-gallery .gallery-columns-2 .gallery-item{max-width:50%}.elementor-image-gallery .gallery-columns-3 .gallery-item{max-width:33.33%}.elementor-image-gallery .gallery-columns-4 .gallery-item{max-width:25%}.elementor-image-gallery .gallery-columns-5 .gallery-item{max-width:20%}.elementor-image-gallery .gallery-columns-6 .gallery-item{max-width:16.666%}.elementor-image-gallery .gallery-columns-7 .gallery-item{max-width:14.28%}.elementor-image-gallery .gallery-columns-8 .gallery-item{max-width:12.5%}.elementor-image-gallery .gallery-columns-9 .gallery-item{max-width:11.11%}.elementor-image-gallery .gallery-columns-10 .gallery-item{max-width:10%}}@media (min-width:480px) and (max-width:767px){.elementor-image-gallery .gallery.gallery-columns-2 .gallery-item,.elementor-image-gallery .gallery.gallery-columns-3 .gallery-item,.elementor-image-gallery .gallery.gallery-columns-4 .gallery-item,.elementor-image-gallery .gallery.gallery-columns-5 .gallery-item,.elementor-image-gallery .gallery.gallery-columns-6 .gallery-item,.elementor-image-gallery .gallery.gallery-columns-7 .gallery-item,.elementor-image-gallery .gallery.gallery-columns-8 .gallery-item,.elementor-image-gallery .gallery.gallery-columns-9 .gallery-item,.elementor-image-gallery .gallery.gallery-columns-10 .gallery-item{max-width:50%}}@media (max-width:479px){.elementor-image-gallery .gallery.gallery-columns-2 .gallery-item,.elementor-image-gallery .gallery.gallery-columns-3 .gallery-item,.elementor-image-gallery .gallery.gallery-columns-4 .gallery-item,.elementor-image-gallery .gallery.gallery-columns-5 .gallery-item,.elementor-image-gallery .gallery.gallery-columns-6 .gallery-item,.elementor-image-gallery .gallery.gallery-columns-7 .gallery-item,.elementor-image-gallery .gallery.gallery-columns-8 .gallery-item,.elementor-image-gallery .gallery.gallery-columns-9 .gallery-item,.elementor-image-gallery .gallery.gallery-columns-10 .gallery-item{max-width:100%}}<\/style>\t\t<div class=\"elementor-image-gallery\">\n\t\t\t<div id='gallery-1' class='gallery galleryid-549 gallery-columns-4 gallery-size-thumbnail'><figure class='gallery-item'>\n\t\t\t<div class='gallery-icon landscape'>\n\t\t\t\t<a data-elementor-open-lightbox=\"yes\" data-elementor-lightbox-slideshow=\"01c8fc4\" data-elementor-lightbox-title=\"vmc1160\" data-e-action-hash=\"#elementor-action%3Aaction%3Dlightbox%26settings%3DeyJpZCI6NTcyLCJ1cmwiOiJodHRwczpcL1wvaWxlcml0ZWsuY29tXC93cC1jb250ZW50XC91cGxvYWRzXC8yMDI0XC8wMlwvdm1jMTE2MC5wbmciLCJzbGlkZXNob3ciOiIwMWM4ZmM0In0%3D\" href='https:\/\/ileritek.com\/wp-content\/uploads\/2024\/02\/vmc1160.png'><img loading=\"lazy\" decoding=\"async\" width=\"150\" height=\"150\" src=\"https:\/\/ileritek.com\/wp-content\/uploads\/2024\/02\/vmc1160-150x150.png\" class=\"attachment-thumbnail size-thumbnail\" alt=\"\" \/><\/a>\n\t\t\t<\/div><\/figure><figure class='gallery-item'>\n\t\t\t<div class='gallery-icon landscape'>\n\t\t\t\t<a data-elementor-open-lightbox=\"yes\" data-elementor-lightbox-slideshow=\"01c8fc4\" data-elementor-lightbox-title=\"CNC TORNA\" data-e-action-hash=\"#elementor-action%3Aaction%3Dlightbox%26settings%3DeyJpZCI6NTc0LCJ1cmwiOiJodHRwczpcL1wvaWxlcml0ZWsuY29tXC93cC1jb250ZW50XC91cGxvYWRzXC8yMDI0XC8wMlwvQ05DLVRPUk5BLmpwZyIsInNsaWRlc2hvdyI6IjAxYzhmYzQifQ%3D%3D\" href='https:\/\/ileritek.com\/wp-content\/uploads\/2024\/02\/CNC-TORNA.jpg'><img loading=\"lazy\" decoding=\"async\" width=\"150\" height=\"150\" src=\"https:\/\/ileritek.com\/wp-content\/uploads\/2024\/02\/CNC-TORNA-150x150.jpg\" class=\"attachment-thumbnail size-thumbnail\" alt=\"\" \/><\/a>\n\t\t\t<\/div><\/figure><figure class='gallery-item'>\n\t\t\t<div class='gallery-icon landscape'>\n\t\t\t\t<a data-elementor-open-lightbox=\"yes\" data-elementor-lightbox-slideshow=\"01c8fc4\" data-elementor-lightbox-title=\"DERIN DELME\" data-e-action-hash=\"#elementor-action%3Aaction%3Dlightbox%26settings%3DeyJpZCI6NTc1LCJ1cmwiOiJodHRwczpcL1wvaWxlcml0ZWsuY29tXC93cC1jb250ZW50XC91cGxvYWRzXC8yMDI0XC8wMlwvREVSSU4tREVMTUUuanBnIiwic2xpZGVzaG93IjoiMDFjOGZjNCJ9\" href='https:\/\/ileritek.com\/wp-content\/uploads\/2024\/02\/DERIN-DELME.jpg'><img loading=\"lazy\" decoding=\"async\" width=\"150\" height=\"150\" src=\"https:\/\/ileritek.com\/wp-content\/uploads\/2024\/02\/DERIN-DELME-150x150.jpg\" class=\"attachment-thumbnail size-thumbnail\" alt=\"\" \/><\/a>\n\t\t\t<\/div><\/figure><figure class='gallery-item'>\n\t\t\t<div class='gallery-icon portrait'>\n\t\t\t\t<a data-elementor-open-lightbox=\"yes\" data-elementor-lightbox-slideshow=\"01c8fc4\" data-elementor-lightbox-title=\"RADYAL_.jpeg\" data-e-action-hash=\"#elementor-action%3Aaction%3Dlightbox%26settings%3DeyJpZCI6NTc2LCJ1cmwiOiJodHRwczpcL1wvaWxlcml0ZWsuY29tXC93cC1jb250ZW50XC91cGxvYWRzXC8yMDI0XC8wMlwvUkFEWUFMXy5qcGVnLmpwZyIsInNsaWRlc2hvdyI6IjAxYzhmYzQifQ%3D%3D\" href='https:\/\/ileritek.com\/wp-content\/uploads\/2024\/02\/RADYAL_.jpeg.jpg'><img loading=\"lazy\" decoding=\"async\" width=\"150\" height=\"150\" src=\"https:\/\/ileritek.com\/wp-content\/uploads\/2024\/02\/RADYAL_.jpeg-150x150.jpg\" class=\"attachment-thumbnail size-thumbnail\" alt=\"\" srcset=\"https:\/\/ileritek.com\/wp-content\/uploads\/2024\/02\/RADYAL_.jpeg-150x150.jpg 150w, https:\/\/ileritek.com\/wp-content\/uploads\/2024\/02\/elementor\/thumbs\/RADYAL_.jpeg-qjwlx3vssdja1fco9xrsb8zzpwftclxh0izex1wk9s.jpg 400w, https:\/\/ileritek.com\/wp-content\/uploads\/2024\/02\/elementor\/thumbs\/RADYAL_.jpeg-qjwlx3vqcnyetf17g41g33b9n80k13i18xt2m8y47k.jpg 200w, https:\/\/ileritek.com\/wp-content\/uploads\/2024\/02\/elementor\/thumbs\/RADYAL_.jpeg-qjwlx3vrkiquff6xv0wm765mok86oupr4qe8rnfc8o.jpg 300w\" sizes=\"(max-width: 150px) 100vw, 150px\" \/><\/a>\n\t\t\t<\/div><\/figure><figure class='gallery-item'>\n\t\t\t<div class='gallery-icon portrait'>\n\t\t\t\t<a data-elementor-open-lightbox=\"yes\" data-elementor-lightbox-slideshow=\"01c8fc4\" data-elementor-lightbox-title=\"FREZE.jpeg\" data-e-action-hash=\"#elementor-action%3Aaction%3Dlightbox%26settings%3DeyJpZCI6NTgwLCJ1cmwiOiJodHRwczpcL1wvaWxlcml0ZWsuY29tXC93cC1jb250ZW50XC91cGxvYWRzXC8yMDI0XC8wMlwvRlJFWkUuanBlZy5qcGciLCJzbGlkZXNob3ciOiIwMWM4ZmM0In0%3D\" href='https:\/\/ileritek.com\/wp-content\/uploads\/2024\/02\/FREZE.jpeg.jpg'><img loading=\"lazy\" decoding=\"async\" width=\"150\" height=\"150\" src=\"https:\/\/ileritek.com\/wp-content\/uploads\/2024\/02\/FREZE.jpeg-150x150.jpg\" class=\"attachment-thumbnail size-thumbnail\" alt=\"\" \/><\/a>\n\t\t\t<\/div><\/figure><figure class='gallery-item'>\n\t\t\t<div class='gallery-icon landscape'>\n\t\t\t\t<a data-elementor-open-lightbox=\"yes\" data-elementor-lightbox-slideshow=\"01c8fc4\" data-elementor-lightbox-title=\"TORNA_.jpeg\" data-e-action-hash=\"#elementor-action%3Aaction%3Dlightbox%26settings%3DeyJpZCI6NTgxLCJ1cmwiOiJodHRwczpcL1wvaWxlcml0ZWsuY29tXC93cC1jb250ZW50XC91cGxvYWRzXC8yMDI0XC8wMlwvVE9STkFfLmpwZWcuanBnIiwic2xpZGVzaG93IjoiMDFjOGZjNCJ9\" href='https:\/\/ileritek.com\/wp-content\/uploads\/2024\/02\/TORNA_.jpeg.jpg'><img loading=\"lazy\" decoding=\"async\" width=\"150\" height=\"150\" src=\"https:\/\/ileritek.com\/wp-content\/uploads\/2024\/02\/TORNA_.jpeg-150x150.jpg\" class=\"attachment-thumbnail size-thumbnail\" alt=\"\" \/><\/a>\n\t\t\t<\/div><\/figure><figure class='gallery-item'>\n\t\t\t<div class='gallery-icon portrait'>\n\t\t\t\t<a data-elementor-open-lightbox=\"yes\" data-elementor-lightbox-slideshow=\"01c8fc4\" data-elementor-lightbox-title=\"k\u0131lavuz\" data-e-action-hash=\"#elementor-action%3Aaction%3Dlightbox%26settings%3DeyJpZCI6NTg1LCJ1cmwiOiJodHRwczpcL1wvaWxlcml0ZWsuY29tXC93cC1jb250ZW50XC91cGxvYWRzXC8yMDI0XC8wMlwva2lsYXZ1ei5qcGciLCJzbGlkZXNob3ciOiIwMWM4ZmM0In0%3D\" href='https:\/\/ileritek.com\/wp-content\/uploads\/2024\/02\/kilavuz.jpg'><img loading=\"lazy\" decoding=\"async\" width=\"150\" height=\"150\" src=\"https:\/\/ileritek.com\/wp-content\/uploads\/2024\/02\/kilavuz-150x150.jpg\" class=\"attachment-thumbnail size-thumbnail\" alt=\"\" srcset=\"https:\/\/ileritek.com\/wp-content\/uploads\/2024\/02\/kilavuz-150x150.jpg 150w, https:\/\/ileritek.com\/wp-content\/uploads\/2024\/02\/elementor\/thumbs\/kilavuz-qjwm2o3em5r4xd6zldvqib1zqax6k9efu5n92230z0.jpg 350w\" sizes=\"(max-width: 150px) 100vw, 150px\" \/><\/a>\n\t\t\t<\/div><\/figure>\n\t\t<\/div>\n\t\t<\/div>\n\t\t\t\t<\/div>\n\t\t\t\t<\/div>\n\t\t\t\t\t<\/div>\n\t\t\t\t<\/div>\n\t\t<div class=\"elementor-element elementor-element-1b2b07e e-flex e-con-boxed e-con e-parent\" data-id=\"1b2b07e\" data-element_type=\"container\" data-settings=\"{&quot;content_width&quot;:&quot;boxed&quot;}\" data-core-v316-plus=\"true\">\n\t\t\t\t\t<div class=\"e-con-inner\">\n\t\t\t\t\t<\/div>\n\t\t\t\t<\/div>\n\t\t\t\t\t\t\t<\/div>\n\t\t","protected":false},"excerpt":{"rendered":"<p>M\u00dcHEND\u0130SL\u0130K &#8211; TASARIM &#8211; ANAL\u0130Z MAK\u0130NA PARKURUMUZ<\/p>\n","protected":false},"author":1,"featured_media":0,"parent":0,"menu_order":0,"comment_status":"closed","ping_status":"closed","template":"","meta":{"footnotes":""},"_links":{"self":[{"href":"https:\/\/ileritek.com\/index.php\/wp-json\/wp\/v2\/pages\/549"}],"collection":[{"href":"https:\/\/ileritek.com\/index.php\/wp-json\/wp\/v2\/pages"}],"about":[{"href":"https:\/\/ileritek.com\/index.php\/wp-json\/wp\/v2\/types\/page"}],"author":[{"embeddable":true,"href":"https:\/\/ileritek.com\/index.php\/wp-json\/wp\/v2\/users\/1"}],"replies":[{"embeddable":true,"href":"https:\/\/ileritek.com\/index.php\/wp-json\/wp\/v2\/comments?post=549"}],"version-history":[{"count":41,"href":"https:\/\/ileritek.com\/index.php\/wp-json\/wp\/v2\/pages\/549\/revisions"}],"predecessor-version":[{"id":651,"href":"https:\/\/ileritek.com\/index.php\/wp-json\/wp\/v2\/pages\/549\/revisions\/651"}],"wp:attachment":[{"href":"https:\/\/ileritek.com\/index.php\/wp-json\/wp\/v2\/media?parent=549"}],"curies":[{"name":"wp","href":"https:\/\/api.w.org\/{rel}","templated":true}]}}