{"id":375,"date":"2024-01-20T21:59:51","date_gmt":"2024-01-20T18:59:51","guid":{"rendered":"https:\/\/ileritek.com\/?page_id=375"},"modified":"2024-02-16T23:35:30","modified_gmt":"2024-02-16T20:35:30","slug":"iletisim","status":"publish","type":"page","link":"https:\/\/ileritek.com\/index.php\/iletisim\/","title":{"rendered":"\u0130LET\u0130\u015e\u0130M"},"content":{"rendered":"\t\t<div data-elementor-type=\"wp-page\" data-elementor-id=\"375\" class=\"elementor elementor-375\">\n\t\t\t\t\t\t\t<div class=\"elementor-element elementor-element-ca0ab0c e-flex e-con-boxed e-con e-parent\" data-id=\"ca0ab0c\" data-element_type=\"container\" data-settings=\"{&quot;content_width&quot;:&quot;boxed&quot;}\" data-core-v316-plus=\"true\">\n\t\t\t\t\t<div class=\"e-con-inner\">\n\t\t<div class=\"elementor-element elementor-element-8bde82b e-con-full e-flex e-con e-child\" data-id=\"8bde82b\" data-element_type=\"container\" data-settings=\"{&quot;content_width&quot;:&quot;full&quot;}\">\n\t\t\t\t<\/div>\n\t\t<div class=\"elementor-element elementor-element-d456752 e-con-full e-flex e-con e-child\" data-id=\"d456752\" data-element_type=\"container\" data-settings=\"{&quot;content_width&quot;:&quot;full&quot;}\">\n\t\t<div class=\"elementor-element elementor-element-2f7c9ce e-flex e-con-boxed e-con e-child\" data-id=\"2f7c9ce\" data-element_type=\"container\" data-settings=\"{&quot;content_width&quot;:&quot;boxed&quot;}\">\n\t\t\t\t\t<div class=\"e-con-inner\">\n\t\t\t\t\t<\/div>\n\t\t\t\t<\/div>\n\t\t<div class=\"elementor-element elementor-element-1e8671c e-flex e-con-boxed e-con e-child\" data-id=\"1e8671c\" data-element_type=\"container\" data-settings=\"{&quot;content_width&quot;:&quot;boxed&quot;}\">\n\t\t\t\t\t<div class=\"e-con-inner\">\n\t\t\t\t\t<\/div>\n\t\t\t\t<\/div>\n\t\t\t\t<\/div>\n\t\t\t\t<div class=\"elementor-element elementor-element-1a5e128 elementor-widget elementor-widget-google_maps\" data-id=\"1a5e128\" data-element_type=\"widget\" data-widget_type=\"google_maps.default\">\n\t\t\t\t<div class=\"elementor-widget-container\">\n\t\t\t<style>\/*! elementor - v3.18.0 - 20-12-2023 *\/\n.elementor-widget-google_maps .elementor-widget-container{overflow:hidden}.elementor-widget-google_maps .elementor-custom-embed{line-height:0}.elementor-widget-google_maps iframe{height:300px}<\/style>\t\t<div class=\"elementor-custom-embed\">\n\t\t\t<iframe loading=\"lazy\"\n\t\t\t\t\tsrc=\"https:\/\/maps.google.com\/maps?q=%C4%B0kitelli%20OSB.%20MUTSAN%20San.Sit.%20M3%20Blok%20No%20%3A%2013%20%20Ba%C5%9Fak%C5%9Fehir%20%2F%20%C4%B0stanbul%20-%20T%C3%9CRK%C4%B0YE&#038;t=m&#038;z=10&#038;output=embed&#038;iwloc=near\"\n\t\t\t\t\ttitle=\"\u0130kitelli OSB. MUTSAN San.Sit. M3 Blok No : 13  Ba\u015fak\u015fehir \/ \u0130stanbul - T\u00dcRK\u0130YE\"\n\t\t\t\t\taria-label=\"\u0130kitelli OSB. MUTSAN San.Sit. M3 Blok No : 13  Ba\u015fak\u015fehir \/ \u0130stanbul - T\u00dcRK\u0130YE\"\n\t\t\t><\/iframe>\n\t\t<\/div>\n\t\t\t\t<\/div>\n\t\t\t\t<\/div>\n\t\t\t\t\t<\/div>\n\t\t\t\t<\/div>\n\t\t<div class=\"elementor-element elementor-element-ddbd6c5 e-flex e-con-boxed e-con e-parent\" data-id=\"ddbd6c5\" data-element_type=\"container\" data-settings=\"{&quot;content_width&quot;:&quot;boxed&quot;}\" data-core-v316-plus=\"true\">\n\t\t\t\t\t<div class=\"e-con-inner\">\n\t\t\t\t<div class=\"elementor-element elementor-element-e34c51a elementor-widget elementor-widget-sina_contact_form\" data-id=\"e34c51a\" data-element_type=\"widget\" data-widget_type=\"sina_contact_form.default\">\n\t\t\t\t<div class=\"elementor-widget-container\">\n\t\t\t\t\t<div class=\"sina-form\">\r\n\t\t\t<form class=\"sina-contact-form\"\r\n\t\t\tdata-uid=\"e34c51a\"\r\n\t\t\tdata-from=\"\"\r\n\t\t\tdata-inbox=\"\"\r\n\t\t\tdata-captcha=\"yes\">\r\n\t\t\t\t<div class=\"sina-contact-input\">\r\n\t<div class=\"sina-contact-input-half\">\r\n\t\t<input class=\"sina-input-field sina-input-block sina-input-name\" type=\"text\" placeholder=\"Ad\u0131n\u0131z\u0131 giriniz *\" >\r\n\t\t<input class=\"sina-input-field sina-input-block sina-input-email\" type=\"email\" placeholder=\"E-postan\u0131z\u0131 giriniz *\" >\r\n\t\t<input class=\"sina-input-field sina-input-block sina-input-subject\" type=\"text\" placeholder=\"Konunuzu Girin *\" >\r\n\t<\/div>\r\n\t<div class=\"sina-contact-input-half\">\r\n\t\t<textarea class=\"sina-input-field sina-input-block sina-input-message\" placeholder=\"Mesaj\u0131n\u0131z\u0131 Giriniz *\"><\/textarea>\r\n\t<\/div>\r\n<\/div>\r\n<div class=\"sina-contact-input\">\r\n\t<!-- For Google Recaptcha -->\r\n\t\t\t<div class=\"sina-google-recaptcha\">\r\n\t\t\t<div class=\"g-recaptcha\" data-sitekey=\"\"><\/div>\r\n\t\t<\/div>\r\n\t\r\n\t<button type=\"submit\" class=\"sina-button sina-contact-btn  \">\r\n\t\t\t\tG\u00f6ndermek\t\t\t<\/button>\r\n<\/div>\r\n\t\t\t\t<p class=\"sina-success-text\">E-posta g\u00f6nderdi\u011finiz i\u00e7in te\u015fekk\u00fcr ederiz!<\/p>\t\t\t\t<p class=\"sina-error-text\"><\/p>\r\n\t\t\t\t<p class=\"sina-process-text\">\u0130\u015fleme...<\/p>\r\n\r\n\t\t\t\t<input type=\"hidden\" id=\"sina_contact_noncee34c51a\" name=\"sina_contact_noncee34c51a\" value=\"cfc1205c63\" \/><input type=\"hidden\" name=\"_wp_http_referer\" value=\"\/index.php\/wp-json\/wp\/v2\/pages\/375\" \/>\t\t\t<\/form><!-- .sina-contact-form -->\r\n\t\t<\/div><!-- .sina-form -->\r\n\t\t\t\t<\/div>\n\t\t\t\t<\/div>\n\t\t\t\t\t<\/div>\n\t\t\t\t<\/div>\n\t\t\t\t\t\t\t<\/div>\n\t\t","protected":false},"excerpt":{"rendered":"<p>G\u00f6ndermek E-posta g\u00f6nderdi\u011finiz i\u00e7in te\u015fekk\u00fcr ederiz! \u0130\u015fleme&#8230;<\/p>\n","protected":false},"author":1,"featured_media":0,"parent":0,"menu_order":0,"comment_status":"closed","ping_status":"closed","template":"","meta":{"footnotes":""},"_links":{"self":[{"href":"https:\/\/ileritek.com\/index.php\/wp-json\/wp\/v2\/pages\/375"}],"collection":[{"href":"https:\/\/ileritek.com\/index.php\/wp-json\/wp\/v2\/pages"}],"about":[{"href":"https:\/\/ileritek.com\/index.php\/wp-json\/wp\/v2\/types\/page"}],"author":[{"embeddable":true,"href":"https:\/\/ileritek.com\/index.php\/wp-json\/wp\/v2\/users\/1"}],"replies":[{"embeddable":true,"href":"https:\/\/ileritek.com\/index.php\/wp-json\/wp\/v2\/comments?post=375"}],"version-history":[{"count":22,"href":"https:\/\/ileritek.com\/index.php\/wp-json\/wp\/v2\/pages\/375\/revisions"}],"predecessor-version":[{"id":667,"href":"https:\/\/ileritek.com\/index.php\/wp-json\/wp\/v2\/pages\/375\/revisions\/667"}],"wp:attachment":[{"href":"https:\/\/ileritek.com\/index.php\/wp-json\/wp\/v2\/media?parent=375"}],"curies":[{"name":"wp","href":"https:\/\/api.w.org\/{rel}","templated":true}]}}