{"id":363,"date":"2024-01-20T21:56:46","date_gmt":"2024-01-20T18:56:46","guid":{"rendered":"https:\/\/ileritek.com\/?page_id=363"},"modified":"2024-02-16T21:58:16","modified_gmt":"2024-02-16T18:58:16","slug":"hakkimizda","status":"publish","type":"page","link":"https:\/\/ileritek.com\/index.php\/hakkimizda\/","title":{"rendered":"HAKKIMIZDA"},"content":{"rendered":"\t\t<div data-elementor-type=\"wp-page\" data-elementor-id=\"363\" class=\"elementor elementor-363\">\n\t\t\t\t\t\t\t<div class=\"elementor-element elementor-element-f0d43f2 e-flex e-con-boxed e-con e-parent\" data-id=\"f0d43f2\" data-element_type=\"container\" data-settings=\"{&quot;content_width&quot;:&quot;boxed&quot;}\" data-core-v316-plus=\"true\">\n\t\t\t\t\t<div class=\"e-con-inner\">\n\t\t\t\t<div class=\"elementor-element elementor-element-b5d462a elementor-widget elementor-widget-image\" data-id=\"b5d462a\" data-element_type=\"widget\" data-widget_type=\"image.default\">\n\t\t\t\t<div class=\"elementor-widget-container\">\n\t\t\t<style>\/*! elementor - v3.18.0 - 20-12-2023 *\/\n.elementor-widget-image{text-align:center}.elementor-widget-image a{display:inline-block}.elementor-widget-image a img[src$=\".svg\"]{width:48px}.elementor-widget-image img{vertical-align:middle;display:inline-block}<\/style>\t\t\t\t\t\t\t\t\t\t\t\t<img fetchpriority=\"high\" decoding=\"async\" width=\"300\" height=\"179\" src=\"https:\/\/ileritek.com\/wp-content\/uploads\/2024\/01\/ileri-tek-logo-300x179.jpg\" class=\"attachment-medium size-medium wp-image-473\" alt=\"\" srcset=\"https:\/\/ileritek.com\/wp-content\/uploads\/2024\/01\/ileri-tek-logo-300x179.jpg 300w, https:\/\/ileritek.com\/wp-content\/uploads\/2024\/01\/ileri-tek-logo.jpg 548w\" sizes=\"(max-width: 300px) 100vw, 300px\" \/>\t\t\t\t\t\t\t\t\t\t\t\t\t\t\t<\/div>\n\t\t\t\t<\/div>\n\t\t\t\t\t<\/div>\n\t\t\t\t<\/div>\n\t\t<div class=\"elementor-element elementor-element-967b82c e-flex e-con-boxed e-con e-parent\" data-id=\"967b82c\" data-element_type=\"container\" data-settings=\"{&quot;content_width&quot;:&quot;boxed&quot;}\" data-core-v316-plus=\"true\">\n\t\t\t\t\t<div class=\"e-con-inner\">\n\t\t\t\t<div class=\"elementor-element elementor-element-1ff4b46 elementor-widget elementor-widget-text-editor\" data-id=\"1ff4b46\" data-element_type=\"widget\" data-widget_type=\"text-editor.default\">\n\t\t\t\t<div class=\"elementor-widget-container\">\n\t\t\t<style>\/*! elementor - v3.18.0 - 20-12-2023 *\/\n.elementor-widget-text-editor.elementor-drop-cap-view-stacked .elementor-drop-cap{background-color:#69727d;color:#fff}.elementor-widget-text-editor.elementor-drop-cap-view-framed .elementor-drop-cap{color:#69727d;border:3px solid;background-color:transparent}.elementor-widget-text-editor:not(.elementor-drop-cap-view-default) .elementor-drop-cap{margin-top:8px}.elementor-widget-text-editor:not(.elementor-drop-cap-view-default) .elementor-drop-cap-letter{width:1em;height:1em}.elementor-widget-text-editor .elementor-drop-cap{float:left;text-align:center;line-height:1;font-size:50px}.elementor-widget-text-editor .elementor-drop-cap-letter{display:inline-block}<\/style>\t\t\t\t<p><strong>\u0130LER\u0130 SICAK YOLLUK TEKNOLOJ\u0130 olarak;<\/strong><\/p>\n<p><strong> Plastik enjeksiyon sekt\u00f6r\u00fcn\u00fcn ihtiya\u00e7lar\u0131na g\u00f6re \u00fcr\u00fcn tasar\u0131m\u0131 ve \u00fcr\u00fcn yelpazesini geni\u015fletip 2023 y\u0131l\u0131nda s\u0131cak yolluk, Lsr so\u011fuk yolluk, enjeksiyon ocak memesi gruplar\u0131n\u0131n imalat\u0131na ba\u015flayarak, sekt\u00f6rde yeni bir imalat\u00e7\u0131 kimli\u011fiyle \u00f6nemli bir yer edinmeye \u00e7al\u0131\u015fmaktad\u0131r.<\/strong><\/p>\n<p><strong>Vizyonumuz;<\/strong> Plastik enjeksiyon, s\u0131cak yolluk ve so\u011fuk yolluk sekt\u00f6r\u00fcnde; ge\u00e7mi\u015ften gelen tecr\u00fcbelerin rehberli\u011finde, e\u011fitime ve teknolojik geli\u015fmelere ayak uydurarak, sekt\u00f6r\u00fcn lokomotif firmalar\u0131ndan biri olmay\u0131 hedefliyoruz.<\/p>\n<p><strong>Misyonumuz;<\/strong> insana hizmet etti\u011fimizi unutmadan, do\u011faya duyarl\u0131 \u00fcretim ger\u00e7ekle\u015ftirmek. Kaliteden \u00f6d\u00fcn vermeden, minimum maliyetli \u00fcr\u00fcnler ortaya \u00e7\u0131karabilmek. \u00c7al\u0131\u015fanlar\u0131m\u0131za, kalite bilincini a\u015f\u0131layarak, maksimum verim elde etmek. &#8221;Kaliteli insan e\u015fittir, kaliteli \u00fcretim &#8221; anlay\u0131\u015f\u0131n\u0131n ger\u00e7ekli\u011fini her f\u0131rsatta g\u00f6stermek&#8230;<\/p>\n<p>\u00a0<\/p>\n<p><strong>HESAP B\u0130LG\u0130LER\u0130<\/strong><\/p>\n<p>ALBARAKA BANKASI IBAN: TR90 0020 3000 0960 3652 0000 01<\/p>\n<p><strong>FATURA B\u0130LG\u0130LER\u0130<\/strong><\/p>\n<p>\u0130LER\u0130 SICAK YOLLUK TEKNOLOJ\u0130LER\u0130\u00a0<\/p>\n<p>Adres: \u0130kitelli OSB. Mutsan San. Sit. M3 Blok No : 13 Ba\u015fak\u015fehir \/ \u0130stanbul &#8211; T\u00dcRK\u0130YE<\/p>\n<p>Email: info@ileritek.com Web: www.ileritek.com<\/p>\n<p>Vergi Dairesi: \u0130kitelli Vergi no: 4710951819<\/p>\t\t\t\t\t\t<\/div>\n\t\t\t\t<\/div>\n\t\t\t\t\t<\/div>\n\t\t\t\t<\/div>\n\t\t<div class=\"elementor-element elementor-element-11661da e-flex e-con-boxed e-con e-parent\" data-id=\"11661da\" data-element_type=\"container\" data-settings=\"{&quot;content_width&quot;:&quot;boxed&quot;}\" data-core-v316-plus=\"true\">\n\t\t\t\t\t<div class=\"e-con-inner\">\n\t\t\t\t\t<\/div>\n\t\t\t\t<\/div>\n\t\t\t\t\t\t\t<\/div>\n\t\t","protected":false},"excerpt":{"rendered":"<p>\u0130LER\u0130 SICAK YOLLUK TEKNOLOJ\u0130 olarak; Plastik enjeksiyon sekt\u00f6r\u00fcn\u00fcn ihtiya\u00e7lar\u0131na g\u00f6re \u00fcr\u00fcn tasar\u0131m\u0131 ve \u00fcr\u00fcn yelpazesini geni\u015fletip 2023 y\u0131l\u0131nda s\u0131cak yolluk, Lsr so\u011fuk yolluk, enjeksiyon ocak memesi gruplar\u0131n\u0131n imalat\u0131na ba\u015flayarak, sekt\u00f6rde yeni bir imalat\u00e7\u0131 kimli\u011fiyle \u00f6nemli bir yer edinmeye \u00e7al\u0131\u015fmaktad\u0131r. Vizyonumuz; Plastik enjeksiyon, s\u0131cak yolluk ve so\u011fuk yolluk sekt\u00f6r\u00fcnde; ge\u00e7mi\u015ften gelen tecr\u00fcbelerin rehberli\u011finde, e\u011fitime ve teknolojik [&hellip;]<\/p>\n","protected":false},"author":1,"featured_media":0,"parent":0,"menu_order":0,"comment_status":"closed","ping_status":"closed","template":"","meta":{"footnotes":""},"_links":{"self":[{"href":"https:\/\/ileritek.com\/index.php\/wp-json\/wp\/v2\/pages\/363"}],"collection":[{"href":"https:\/\/ileritek.com\/index.php\/wp-json\/wp\/v2\/pages"}],"about":[{"href":"https:\/\/ileritek.com\/index.php\/wp-json\/wp\/v2\/types\/page"}],"author":[{"embeddable":true,"href":"https:\/\/ileritek.com\/index.php\/wp-json\/wp\/v2\/users\/1"}],"replies":[{"embeddable":true,"href":"https:\/\/ileritek.com\/index.php\/wp-json\/wp\/v2\/comments?post=363"}],"version-history":[{"count":34,"href":"https:\/\/ileritek.com\/index.php\/wp-json\/wp\/v2\/pages\/363\/revisions"}],"predecessor-version":[{"id":622,"href":"https:\/\/ileritek.com\/index.php\/wp-json\/wp\/v2\/pages\/363\/revisions\/622"}],"wp:attachment":[{"href":"https:\/\/ileritek.com\/index.php\/wp-json\/wp\/v2\/media?parent=363"}],"curies":[{"name":"wp","href":"https:\/\/api.w.org\/{rel}","templated":true}]}}